{"id":4182,"date":"2015-06-20T16:11:19","date_gmt":"2015-06-20T16:11:19","guid":{"rendered":"https:\/\/sami-sarl.com\/gottland\/?page_id=4182"},"modified":"2023-09-16T13:32:46","modified_gmt":"2023-09-16T13:32:46","slug":"a-propos","status":"publish","type":"page","link":"https:\/\/gottland.be\/fr_fr\/a-propos\/","title":{"rendered":"\u00c0 PROPOS"},"content":{"rendered":"\t\t<div data-elementor-type=\"wp-page\" data-elementor-id=\"4182\" class=\"elementor elementor-4182\">\n\t\t\t\t\t\t\t\t\t<section class=\"elementor-section elementor-top-section elementor-element elementor-element-0d9c6ae elementor-section-boxed elementor-section-height-default elementor-section-height-default\" data-id=\"0d9c6ae\" data-element_type=\"section\">\n\t\t\t\t\t\t<div class=\"elementor-container elementor-column-gap-default\">\n\t\t\t\t\t<div class=\"elementor-column elementor-col-100 elementor-top-column elementor-element elementor-element-1938cec\" data-id=\"1938cec\" data-element_type=\"column\">\n\t\t\t<div class=\"elementor-widget-wrap elementor-element-populated\">\n\t\t\t\t\t\t\t\t<div class=\"elementor-element elementor-element-de9c4b8 elementor-widget elementor-widget-heading\" data-id=\"de9c4b8\" data-element_type=\"widget\" data-widget_type=\"heading.default\">\n\t\t\t\t<div class=\"elementor-widget-container\">\n\t\t\t<style>\/*! elementor - v3.16.0 - 09-10-2023 *\/\n.elementor-heading-title{padding:0;margin:0;line-height:1}.elementor-widget-heading .elementor-heading-title[class*=elementor-size-]>a{color:inherit;font-size:inherit;line-height:inherit}.elementor-widget-heading .elementor-heading-title.elementor-size-small{font-size:15px}.elementor-widget-heading .elementor-heading-title.elementor-size-medium{font-size:19px}.elementor-widget-heading .elementor-heading-title.elementor-size-large{font-size:29px}.elementor-widget-heading .elementor-heading-title.elementor-size-xl{font-size:39px}.elementor-widget-heading .elementor-heading-title.elementor-size-xxl{font-size:59px}<\/style><h2 class=\"elementor-heading-title elementor-size-default\"><strong>Qui sommes-nous?<\/strong><\/h2>\t\t<\/div>\n\t\t\t\t<\/div>\n\t\t\t\t<section class=\"elementor-section elementor-inner-section elementor-element elementor-element-81625dc elementor-section-boxed elementor-section-height-default elementor-section-height-default\" data-id=\"81625dc\" data-element_type=\"section\">\n\t\t\t\t\t\t<div class=\"elementor-container elementor-column-gap-default\">\n\t\t\t\t\t<div class=\"elementor-column elementor-col-50 elementor-inner-column elementor-element elementor-element-4364da2\" data-id=\"4364da2\" data-element_type=\"column\">\n\t\t\t<div class=\"elementor-widget-wrap elementor-element-populated\">\n\t\t\t\t\t\t\t\t<div class=\"elementor-element elementor-element-cf2e6a2 elementor-widget elementor-widget-image\" data-id=\"cf2e6a2\" data-element_type=\"widget\" data-widget_type=\"image.default\">\n\t\t\t\t<div class=\"elementor-widget-container\">\n\t\t\t<style>\/*! elementor - v3.16.0 - 09-10-2023 *\/\n.elementor-widget-image{text-align:center}.elementor-widget-image a{display:inline-block}.elementor-widget-image a img[src$=\".svg\"]{width:48px}.elementor-widget-image img{vertical-align:middle;display:inline-block}<\/style>\t\t\t\t\t\t\t\t\t\t\t\t<img loading=\"lazy\" decoding=\"async\" width=\"686\" height=\"458\" src=\"https:\/\/gottland.be\/wp-content\/uploads\/2023\/05\/medecins-multiethniques-joyeux-papiers-686x458.jpg\" class=\"attachment-large size-large wp-image-15131\" alt=\"\" srcset=\"https:\/\/gottland.be\/wp-content\/uploads\/2023\/05\/medecins-multiethniques-joyeux-papiers-686x458.jpg 686w, https:\/\/gottland.be\/wp-content\/uploads\/2023\/05\/medecins-multiethniques-joyeux-papiers-508x339.jpg 508w, https:\/\/gottland.be\/wp-content\/uploads\/2023\/05\/medecins-multiethniques-joyeux-papiers-768x513.jpg 768w, https:\/\/gottland.be\/wp-content\/uploads\/2023\/05\/medecins-multiethniques-joyeux-papiers-1536x1025.jpg 1536w, https:\/\/gottland.be\/wp-content\/uploads\/2023\/05\/medecins-multiethniques-joyeux-papiers-600x401.jpg 600w, https:\/\/gottland.be\/wp-content\/uploads\/2023\/05\/medecins-multiethniques-joyeux-papiers-690x460.jpg 690w, https:\/\/gottland.be\/wp-content\/uploads\/2023\/05\/medecins-multiethniques-joyeux-papiers.jpg 2000w\" sizes=\"auto, (max-width: 686px) 100vw, 686px\" \/>\t\t\t\t\t\t\t\t\t\t\t\t\t\t\t<\/div>\n\t\t\t\t<\/div>\n\t\t\t\t\t<\/div>\n\t\t<\/div>\n\t\t\t\t<div class=\"elementor-column elementor-col-50 elementor-inner-column elementor-element elementor-element-92cdbed\" data-id=\"92cdbed\" data-element_type=\"column\">\n\t\t\t<div class=\"elementor-widget-wrap elementor-element-populated\">\n\t\t\t\t\t\t\t\t<div class=\"elementor-element elementor-element-ebcae02 elementor-widget elementor-widget-text-editor\" data-id=\"ebcae02\" data-element_type=\"widget\" data-widget_type=\"text-editor.default\">\n\t\t\t\t<div class=\"elementor-widget-container\">\n\t\t\t<style>\/*! elementor - v3.16.0 - 09-10-2023 *\/\n.elementor-widget-text-editor.elementor-drop-cap-view-stacked .elementor-drop-cap{background-color:#69727d;color:#fff}.elementor-widget-text-editor.elementor-drop-cap-view-framed .elementor-drop-cap{color:#69727d;border:3px solid;background-color:transparent}.elementor-widget-text-editor:not(.elementor-drop-cap-view-default) .elementor-drop-cap{margin-top:8px}.elementor-widget-text-editor:not(.elementor-drop-cap-view-default) .elementor-drop-cap-letter{width:1em;height:1em}.elementor-widget-text-editor .elementor-drop-cap{float:left;text-align:center;line-height:1;font-size:50px}.elementor-widget-text-editor .elementor-drop-cap-letter{display:inline-block}<\/style>\t\t\t\t<p>Gottland (SRL) est une soci\u00e9t\u00e9 commerciale belge fond\u00e9e en mai 2017 et sp\u00e9cialis\u00e9e dans la distribution des produits m\u00e9dicaux jetables et des produits chimiques pharmaceutiques.<br \/>Nous nous consacrons \u00e0 la vente, \u00e0 la commercialisation, \u00e0 la distribution et \u00e0 l&#8217;\u00e9quipement de mat\u00e9riel m\u00e9dical et de produits li\u00e9s \u00e0 la sant\u00e9.<br \/>Ainsi, nous proposons une large gamme de consommables tels que les seringues, \u00e9picr\u00e2nien, gants chirurgie et d&#8217;examen, compresses, coton, poche \u00e0 sang, transfuseur, cath\u00e9ter, poche \u00e0 urine, bande cr\u00eape, sondes, sondes Foley, test HCG bandelettes, cassettes, coton (rouleau et zig zag), poche de colostomie, aiguilles, tubes de pr\u00e9l\u00e8vement, etc.<\/p>\t\t\t\t\t\t<\/div>\n\t\t\t\t<\/div>\n\t\t\t\t\t<\/div>\n\t\t<\/div>\n\t\t\t\t\t\t\t<\/div>\n\t\t<\/section>\n\t\t\t\t<section class=\"elementor-section elementor-inner-section elementor-element elementor-element-e5a62d8 elementor-section-content-middle elementor-section-boxed elementor-section-height-default elementor-section-height-default\" data-id=\"e5a62d8\" data-element_type=\"section\">\n\t\t\t\t\t\t<div class=\"elementor-container elementor-column-gap-default\">\n\t\t\t\t\t<div class=\"elementor-column elementor-col-50 elementor-inner-column elementor-element elementor-element-0a07707\" data-id=\"0a07707\" data-element_type=\"column\">\n\t\t\t<div class=\"elementor-widget-wrap\">\n\t\t\t\t\t\t\t\t\t<\/div>\n\t\t<\/div>\n\t\t\t\t<div class=\"elementor-column elementor-col-50 elementor-inner-column elementor-element elementor-element-d293d6a\" data-id=\"d293d6a\" data-element_type=\"column\">\n\t\t\t<div class=\"elementor-widget-wrap elementor-element-populated\">\n\t\t\t\t\t\t\t\t<div class=\"elementor-element elementor-element-a7d9c1f elementor-widget elementor-widget-text-editor\" data-id=\"a7d9c1f\" data-element_type=\"widget\" data-widget_type=\"text-editor.default\">\n\t\t\t\t<div class=\"elementor-widget-container\">\n\t\t\t\t\t\t\t\t\t\t\t\t\t<\/div>\n\t\t\t\t<\/div>\n\t\t\t\t\t<\/div>\n\t\t<\/div>\n\t\t\t\t\t\t\t<\/div>\n\t\t<\/section>\n\t\t\t\t\t<\/div>\n\t\t<\/div>\n\t\t\t\t\t\t\t<\/div>\n\t\t<\/section>\n\t\t\t\t\t\t\t<\/div>\n\t\t","protected":false},"excerpt":{"rendered":"<p>Qui sommes-nous? Gottland (SRL) est une soci\u00e9t\u00e9 commerciale belge fond\u00e9e en mai 2017 et sp\u00e9cialis\u00e9e dans la distribution des produits m\u00e9dicaux jetables et des produits chimiques pharmaceutiques.Nous nous consacrons \u00e0 la vente, \u00e0 la commercialisation, \u00e0 la distribution et \u00e0 l&#8217;\u00e9quipement de mat\u00e9riel m\u00e9dical et de produits li\u00e9s \u00e0 la sant\u00e9.Ainsi, nous proposons une large [&hellip;]<\/p>\n","protected":false},"author":2,"featured_media":0,"parent":0,"menu_order":0,"comment_status":"closed","ping_status":"closed","template":"","meta":{"footnotes":""},"class_list":["post-4182","page","type-page","status-publish","hentry"],"_links":{"self":[{"href":"https:\/\/gottland.be\/fr_fr\/wp-json\/wp\/v2\/pages\/4182","targetHints":{"allow":["GET"]}}],"collection":[{"href":"https:\/\/gottland.be\/fr_fr\/wp-json\/wp\/v2\/pages"}],"about":[{"href":"https:\/\/gottland.be\/fr_fr\/wp-json\/wp\/v2\/types\/page"}],"author":[{"embeddable":true,"href":"https:\/\/gottland.be\/fr_fr\/wp-json\/wp\/v2\/users\/2"}],"replies":[{"embeddable":true,"href":"https:\/\/gottland.be\/fr_fr\/wp-json\/wp\/v2\/comments?post=4182"}],"version-history":[{"count":42,"href":"https:\/\/gottland.be\/fr_fr\/wp-json\/wp\/v2\/pages\/4182\/revisions"}],"predecessor-version":[{"id":15791,"href":"https:\/\/gottland.be\/fr_fr\/wp-json\/wp\/v2\/pages\/4182\/revisions\/15791"}],"wp:attachment":[{"href":"https:\/\/gottland.be\/fr_fr\/wp-json\/wp\/v2\/media?parent=4182"}],"curies":[{"name":"wp","href":"https:\/\/api.w.org\/{rel}","templated":true}]}}